{"id":2,"date":"2019-11-18T09:35:16","date_gmt":"2019-11-18T08:35:16","guid":{"rendered":"http:\/\/a-mathieu.fr\/?page_id=2"},"modified":"2023-10-21T11:53:03","modified_gmt":"2023-10-21T09:53:03","slug":"about","status":"publish","type":"page","link":"https:\/\/a-mathieu.fr\/index.php\/about\/","title":{"rendered":"ABOUT"},"content":{"rendered":"\t\t<div data-elementor-type=\"wp-page\" data-elementor-id=\"2\" class=\"elementor elementor-2\">\n\t\t\t\t\t\t\t\t\t<section class=\"elementor-section elementor-top-section elementor-element elementor-element-3fd6cd4f elementor-section-boxed elementor-section-height-default elementor-section-height-default\" data-id=\"3fd6cd4f\" data-element_type=\"section\">\n\t\t\t\t\t\t<div class=\"elementor-container elementor-column-gap-default\">\n\t\t\t\t\t<div class=\"elementor-column elementor-col-100 elementor-top-column elementor-element elementor-element-790037b3\" data-id=\"790037b3\" data-element_type=\"column\">\n\t\t\t<div class=\"elementor-widget-wrap elementor-element-populated\">\n\t\t\t\t\t\t\t\t<div class=\"elementor-element elementor-element-31138d13 elementor-widget elementor-widget-spacer\" data-id=\"31138d13\" data-element_type=\"widget\" data-widget_type=\"spacer.default\">\n\t\t\t\t<div class=\"elementor-widget-container\">\n\t\t\t\t\t<div class=\"elementor-spacer\">\n\t\t\t<div class=\"elementor-spacer-inner\"><\/div>\n\t\t<\/div>\n\t\t\t\t<\/div>\n\t\t\t\t<\/div>\n\t\t\t\t\t<\/div>\n\t\t<\/div>\n\t\t\t\t\t\t\t<\/div>\n\t\t<\/section>\n\t\t\t\t<section class=\"elementor-section elementor-top-section elementor-element elementor-element-6b793d21 elementor-section-boxed elementor-section-height-default elementor-section-height-default\" data-id=\"6b793d21\" data-element_type=\"section\">\n\t\t\t\t\t\t<div class=\"elementor-container elementor-column-gap-default\">\n\t\t\t\t\t<div class=\"elementor-column elementor-col-33 elementor-top-column elementor-element elementor-element-1b75fea6\" data-id=\"1b75fea6\" data-element_type=\"column\">\n\t\t\t<div class=\"elementor-widget-wrap elementor-element-populated\">\n\t\t\t\t\t\t\t\t<div class=\"elementor-element elementor-element-33efcbf3 elementor-widget elementor-widget-heading\" data-id=\"33efcbf3\" data-element_type=\"widget\" data-widget_type=\"heading.default\">\n\t\t\t\t<div class=\"elementor-widget-container\">\n\t\t\t<h1 class=\"elementor-heading-title elementor-size-default\">ABOUT<\/h1>\t\t<\/div>\n\t\t\t\t<\/div>\n\t\t\t\t\t<\/div>\n\t\t<\/div>\n\t\t\t\t<div class=\"elementor-column elementor-col-66 elementor-top-column elementor-element elementor-element-594a47be\" data-id=\"594a47be\" data-element_type=\"column\">\n\t\t\t<div class=\"elementor-widget-wrap\">\n\t\t\t\t\t\t\t\t\t<\/div>\n\t\t<\/div>\n\t\t\t\t\t\t\t<\/div>\n\t\t<\/section>\n\t\t\t\t<section class=\"elementor-section elementor-top-section elementor-element elementor-element-6cdc1065 elementor-section-boxed elementor-section-height-default elementor-section-height-default\" data-id=\"6cdc1065\" data-element_type=\"section\">\n\t\t\t\t\t\t<div class=\"elementor-container elementor-column-gap-default\">\n\t\t\t\t\t<div class=\"elementor-column elementor-col-100 elementor-top-column elementor-element elementor-element-15135ed0\" data-id=\"15135ed0\" data-element_type=\"column\">\n\t\t\t<div class=\"elementor-widget-wrap elementor-element-populated\">\n\t\t\t\t\t\t\t\t<div class=\"elementor-element elementor-element-6f3a9e85 elementor-widget elementor-widget-spacer\" data-id=\"6f3a9e85\" data-element_type=\"widget\" data-widget_type=\"spacer.default\">\n\t\t\t\t<div class=\"elementor-widget-container\">\n\t\t\t\t\t<div class=\"elementor-spacer\">\n\t\t\t<div class=\"elementor-spacer-inner\"><\/div>\n\t\t<\/div>\n\t\t\t\t<\/div>\n\t\t\t\t<\/div>\n\t\t\t\t\t<\/div>\n\t\t<\/div>\n\t\t\t\t\t\t\t<\/div>\n\t\t<\/section>\n\t\t\t\t<section class=\"elementor-section elementor-top-section elementor-element elementor-element-a94fcb3 elementor-section-boxed elementor-section-height-default elementor-section-height-default\" data-id=\"a94fcb3\" data-element_type=\"section\">\n\t\t\t\t\t\t<div class=\"elementor-container elementor-column-gap-default\">\n\t\t\t\t\t<div class=\"elementor-column elementor-col-33 elementor-top-column elementor-element elementor-element-e1c7fdd\" data-id=\"e1c7fdd\" data-element_type=\"column\">\n\t\t\t<div class=\"elementor-widget-wrap elementor-element-populated\">\n\t\t\t\t\t\t\t\t<div class=\"elementor-element elementor-element-50993c32 elementor-widget elementor-widget-text-editor\" data-id=\"50993c32\" data-element_type=\"widget\" data-widget_type=\"text-editor.default\">\n\t\t\t\t<div class=\"elementor-widget-container\">\n\t\t\t\t\t\t\t<div class=\"page\" style=\"caret-color: #000000; color: #000000;\" title=\"Page 7\"><div class=\"layoutArea\"><div class=\"column\" style=\"text-align: right;\"><div class=\"page\" title=\"Page 2\"><div class=\"layoutArea\"><div class=\"column\"><p><span style=\"font-size: 18pt;\"><strong><span style=\"font-family: futura-medium;\">JE SUIS \u00c0 LA LISI\u00c8RE<\/span><\/strong><\/span><\/p><span style=\"font-size: 12pt; font-family: futura-medium;\">du monde r\u00e9el et num\u00e9rique.<\/span><\/div><div class=\"column\"><p>\u00a0<\/p><p><span style=\"font-size: 18pt;\"><strong><span style=\"font-family: futura-medium;\">ENTRE PULSION ET<\/span><\/strong><\/span><\/p><span style=\"font-size: 12pt; font-family: futura-medium;\">retenue, je m\u2019adapte au paysage qui m\u2019enveloppe.<\/span><\/div><div class=\"column\"><p>\u00a0<\/p><p><span style=\"font-size: 18pt;\"><strong><span style=\"font-family: futura-medium;\">\u00c9MOTION<\/span><\/strong><\/span><\/p><span style=\"font-size: 12pt; font-family: futura-medium;\">personnifi\u00e9e, devient mon partenaire de cr\u00e9ation.<\/span><\/div><div>\u00a0<\/div><div class=\"column\"><span style=\"font-size: 12pt; font-family: futura-medium;\">Pur produit de la diagonale du vide j\u2019appre\u0301hende la complexit\u00e9 du monde avec po\u00e9sie. Artiste Designer diplo\u0302m\u00e9e du master Design et Cr\u00e9ation Num\u00e9rique de l\u2019\u00e9cole Estienne de Paris, je suis a\u0300 la recherche de nouvelles histoires a\u0300 \u00e9crire. Mon travail de directrice artistique s\u2019accorde avec la cre\u0301ation de contenu e\u0301ditorial, sc\u00e9nographique, vid\u00e9o et motion, soutenue par mon gou\u0302t pour la narration et la voix.<\/span><\/div><\/div><\/div><\/div><\/div><\/div>\t\t\t\t\t\t<\/div>\n\t\t\t\t<\/div>\n\t\t\t\t<section class=\"elementor-section elementor-inner-section elementor-element elementor-element-b2e8706 elementor-section-boxed elementor-section-height-default elementor-section-height-default\" data-id=\"b2e8706\" data-element_type=\"section\">\n\t\t\t\t\t\t<div class=\"elementor-container elementor-column-gap-default\">\n\t\t\t\t\t<div class=\"elementor-column elementor-col-50 elementor-inner-column elementor-element elementor-element-ffe30ae\" data-id=\"ffe30ae\" data-element_type=\"column\">\n\t\t\t<div class=\"elementor-widget-wrap elementor-element-populated\">\n\t\t\t\t\t\t\t\t<div class=\"elementor-element elementor-element-4d2ff35 elementor-widget elementor-widget-text-editor\" data-id=\"4d2ff35\" data-element_type=\"widget\" data-widget_type=\"text-editor.default\">\n\t\t\t\t<div class=\"elementor-widget-container\">\n\t\t\t\t\t\t\t<p>\u00a0<\/p><p><strong><span style=\"font-family: futura-medium; font-size: 12pt;\">CV<\/span><\/strong><\/p>\t\t\t\t\t\t<\/div>\n\t\t\t\t<\/div>\n\t\t\t\t\t<\/div>\n\t\t<\/div>\n\t\t\t\t<div class=\"elementor-column elementor-col-50 elementor-inner-column elementor-element elementor-element-054794e\" data-id=\"054794e\" data-element_type=\"column\">\n\t\t\t<div class=\"elementor-widget-wrap elementor-element-populated\">\n\t\t\t\t\t\t\t\t<div class=\"elementor-element elementor-element-9170bb5 elementor-widget__width-initial elementor-widget elementor-widget-image\" data-id=\"9170bb5\" data-element_type=\"widget\" data-widget_type=\"image.default\">\n\t\t\t\t<div class=\"elementor-widget-container\">\n\t\t\t\t\t\t\t\t\t\t\t\t\t\t\t\t<a href=\"http:\/\/a-mathieu.fr\/wp-content\/uploads\/2023\/10\/CVAMathieu.pdf\" data-elementor-open-lightbox=\"yes\" data-elementor-lightbox-title=\"CVAMathieu\" data-e-action-hash=\"#elementor-action%3Aaction%3Dlightbox%26settings%3DeyJpZCI6MTk0NSwidXJsIjoiaHR0cHM6XC9cL2EtbWF0aGlldS5mclwvd3AtY29udGVudFwvdXBsb2Fkc1wvMjAyM1wvMTBcL0NWQU1hdGhpZXUucGRmIn0%3D\">\n\t\t\t\t\t\t\t<img decoding=\"async\" src=\"http:\/\/a-mathieu.fr\/wp-content\/uploads\/2023\/10\/CVAMathieu.pdf\" title=\"\" alt=\"\" loading=\"lazy\" \/>\t\t\t\t\t\t\t\t<\/a>\n\t\t\t\t\t\t\t\t\t\t\t\t\t\t\t<\/div>\n\t\t\t\t<\/div>\n\t\t\t\t\t<\/div>\n\t\t<\/div>\n\t\t\t\t\t\t\t<\/div>\n\t\t<\/section>\n\t\t\t\t\t<\/div>\n\t\t<\/div>\n\t\t\t\t<div class=\"elementor-column elementor-col-66 elementor-top-column elementor-element elementor-element-ed21501\" data-id=\"ed21501\" data-element_type=\"column\">\n\t\t\t<div class=\"elementor-widget-wrap elementor-element-populated\">\n\t\t\t\t\t\t\t\t<div class=\"elementor-element elementor-element-e177198 elementor-widget elementor-widget-image\" data-id=\"e177198\" data-element_type=\"widget\" data-widget_type=\"image.default\">\n\t\t\t\t<div class=\"elementor-widget-container\">\n\t\t\t\t\t\t\t\t\t\t\t\t\t\t\t<img decoding=\"async\" width=\"768\" height=\"512\" src=\"https:\/\/a-mathieu.fr\/wp-content\/uploads\/2023\/10\/IMG_3937-768x512.jpg\" class=\"attachment-ug_big size-ug_big wp-image-1909\" alt=\"\" loading=\"lazy\" srcset=\"https:\/\/a-mathieu.fr\/wp-content\/uploads\/2023\/10\/IMG_3937-768x512.jpg 768w, https:\/\/a-mathieu.fr\/wp-content\/uploads\/2023\/10\/IMG_3937-300x200.jpg 300w, https:\/\/a-mathieu.fr\/wp-content\/uploads\/2023\/10\/IMG_3937-1024x683.jpg 1024w, https:\/\/a-mathieu.fr\/wp-content\/uploads\/2023\/10\/IMG_3937-1536x1024.jpg 1536w, https:\/\/a-mathieu.fr\/wp-content\/uploads\/2023\/10\/IMG_3937.jpg 1776w\" sizes=\"(max-width: 768px) 100vw, 768px\" \/>\t\t\t\t\t\t\t\t\t\t\t\t\t\t\t<\/div>\n\t\t\t\t<\/div>\n\t\t\t\t\t<\/div>\n\t\t<\/div>\n\t\t\t\t\t\t\t<\/div>\n\t\t<\/section>\n\t\t\t\t<section class=\"elementor-section elementor-top-section elementor-element elementor-element-8ad3d50 elementor-section-boxed elementor-section-height-default elementor-section-height-default\" data-id=\"8ad3d50\" data-element_type=\"section\">\n\t\t\t\t\t\t<div class=\"elementor-container elementor-column-gap-default\">\n\t\t\t\t\t<div class=\"elementor-column elementor-col-25 elementor-top-column elementor-element elementor-element-df16ec6\" data-id=\"df16ec6\" data-element_type=\"column\">\n\t\t\t<div class=\"elementor-widget-wrap\">\n\t\t\t\t\t\t\t\t\t<\/div>\n\t\t<\/div>\n\t\t\t\t<div class=\"elementor-column elementor-col-25 elementor-top-column elementor-element elementor-element-f0eb016\" data-id=\"f0eb016\" data-element_type=\"column\">\n\t\t\t<div class=\"elementor-widget-wrap elementor-element-populated\">\n\t\t\t\t\t\t\t\t<div class=\"elementor-element elementor-element-289c417 elementor-widget elementor-widget-text-editor\" data-id=\"289c417\" data-element_type=\"widget\" data-widget_type=\"text-editor.default\">\n\t\t\t\t<div class=\"elementor-widget-container\">\n\t\t\t\t\t\t\t<p style=\"text-align: right;\"><span style=\"font-family: futura-medium; font-size: 12pt;\">07 85 29 95 00<\/span><\/p>\t\t\t\t\t\t<\/div>\n\t\t\t\t<\/div>\n\t\t\t\t\t<\/div>\n\t\t<\/div>\n\t\t\t\t<div class=\"elementor-column elementor-col-25 elementor-top-column elementor-element elementor-element-9a7b806\" data-id=\"9a7b806\" data-element_type=\"column\">\n\t\t\t<div class=\"elementor-widget-wrap elementor-element-populated\">\n\t\t\t\t\t\t\t\t<div class=\"elementor-element elementor-element-b90e1bf elementor-widget elementor-widget-button\" data-id=\"b90e1bf\" data-element_type=\"widget\" data-widget_type=\"button.default\">\n\t\t\t\t<div class=\"elementor-widget-container\">\n\t\t\t\t\t<div class=\"elementor-button-wrapper\">\n\t\t\t<a class=\"elementor-button elementor-button-link elementor-size-md elementor-animation-grow\" href=\"http:\/\/annaelle0mathieu@gmail.com\" target=\"_blank\">\n\t\t\t\t\t\t<span class=\"elementor-button-content-wrapper\">\n\t\t\t\t\t\t<span class=\"elementor-button-text\">annaelle0mathieu@gmail.com<\/span>\n\t\t<\/span>\n\t\t\t\t\t<\/a>\n\t\t<\/div>\n\t\t\t\t<\/div>\n\t\t\t\t<\/div>\n\t\t\t\t\t<\/div>\n\t\t<\/div>\n\t\t\t\t<div class=\"elementor-column elementor-col-25 elementor-top-column elementor-element elementor-element-c0a9b16\" data-id=\"c0a9b16\" data-element_type=\"column\">\n\t\t\t<div class=\"elementor-widget-wrap elementor-element-populated\">\n\t\t\t\t\t\t\t\t<div class=\"elementor-element elementor-element-03a8a78 e-grid-align-left elementor-shape-rounded elementor-grid-0 elementor-widget elementor-widget-social-icons\" data-id=\"03a8a78\" data-element_type=\"widget\" data-widget_type=\"social-icons.default\">\n\t\t\t\t<div class=\"elementor-widget-container\">\n\t\t\t\t\t<div class=\"elementor-social-icons-wrapper elementor-grid\">\n\t\t\t\t\t\t\t<span class=\"elementor-grid-item\">\n\t\t\t\t\t<a class=\"elementor-icon elementor-social-icon elementor-social-icon-linkedin elementor-animation-grow elementor-repeater-item-441fd94\" href=\"https:\/\/www.linkedin.com\/in\/anna%C3%ABlle-mathieu-19b654194\" target=\"_blank\">\n\t\t\t\t\t\t<span class=\"elementor-screen-only\">Linkedin<\/span>\n\t\t\t\t\t\t<i class=\"fab fa-linkedin\"><\/i>\t\t\t\t\t<\/a>\n\t\t\t\t<\/span>\n\t\t\t\t\t\t\t<span class=\"elementor-grid-item\">\n\t\t\t\t\t<a class=\"elementor-icon elementor-social-icon elementor-social-icon-instagram elementor-animation-grow elementor-repeater-item-021df0a\" href=\"https:\/\/www.instagram.com\/annaellemathieu\/\" target=\"_blank\">\n\t\t\t\t\t\t<span class=\"elementor-screen-only\">Instagram<\/span>\n\t\t\t\t\t\t<i class=\"fab fa-instagram\"><\/i>\t\t\t\t\t<\/a>\n\t\t\t\t<\/span>\n\t\t\t\t\t<\/div>\n\t\t\t\t<\/div>\n\t\t\t\t<\/div>\n\t\t\t\t\t<\/div>\n\t\t<\/div>\n\t\t\t\t\t\t\t<\/div>\n\t\t<\/section>\n\t\t\t\t\t\t\t<\/div>\n\t\t","protected":false},"excerpt":{"rendered":"<p>ABOUT JE SUIS \u00c0 LA LISI\u00c8RE du monde r\u00e9el et num\u00e9rique. \u00a0 ENTRE PULSION ET retenue, je m\u2019adapte au paysage qui m\u2019enveloppe. \u00a0 \u00c9MOTION personnifi\u00e9e, devient mon partenaire de cr\u00e9ation.\u00a0Pur produit de la diagonale du vide j\u2019appre\u0301hende la complexit\u00e9 du monde avec po\u00e9sie. Artiste Designer diplo\u0302m\u00e9e du master Design et Cr\u00e9ation Num\u00e9rique de l\u2019\u00e9cole Estienne &hellip; <\/p>\n<p class=\"link-more\"><a href=\"https:\/\/a-mathieu.fr\/index.php\/about\/\" class=\"more-link\">Continue reading<span class=\"screen-reader-text\"> \u00ab\u00a0ABOUT\u00a0\u00bb<\/span><\/a><\/p>\n","protected":false},"author":1,"featured_media":0,"parent":0,"menu_order":0,"comment_status":"closed","ping_status":"closed","template":"","meta":{"_mi_skip_tracking":false},"yoast_head":"<!-- This site is optimized with the Yoast SEO plugin v20.5 - https:\/\/yoast.com\/wordpress\/plugins\/seo\/ -->\n<title>ABOUT - ANNA\u00cbLLE MATHIEU<\/title>\n<meta name=\"robots\" content=\"index, follow, max-snippet:-1, max-image-preview:large, max-video-preview:-1\" \/>\n<link rel=\"canonical\" href=\"https:\/\/a-mathieu.fr\/index.php\/about\/\" \/>\n<meta property=\"og:locale\" content=\"fr_FR\" \/>\n<meta property=\"og:type\" content=\"article\" \/>\n<meta property=\"og:title\" content=\"ABOUT - ANNA\u00cbLLE MATHIEU\" \/>\n<meta property=\"og:description\" content=\"ABOUT JE SUIS \u00c0 LA LISI\u00c8RE du monde r\u00e9el et num\u00e9rique. \u00a0 ENTRE PULSION ET retenue, je m\u2019adapte au paysage qui m\u2019enveloppe. \u00a0 \u00c9MOTION personnifi\u00e9e, devient mon partenaire de cr\u00e9ation.\u00a0Pur produit de la diagonale du vide j\u2019appre\u0301hende la complexit\u00e9 du monde avec po\u00e9sie. Artiste Designer diplo\u0302m\u00e9e du master Design et Cr\u00e9ation Num\u00e9rique de l\u2019\u00e9cole Estienne &hellip; Continue reading &quot;ABOUT&quot;\" \/>\n<meta property=\"og:url\" content=\"https:\/\/a-mathieu.fr\/index.php\/about\/\" \/>\n<meta property=\"og:site_name\" content=\"ANNA\u00cbLLE MATHIEU\" \/>\n<meta property=\"article:modified_time\" content=\"2023-10-21T09:53:03+00:00\" \/>\n<meta property=\"og:image\" content=\"http:\/\/a-mathieu.fr\/wp-content\/uploads\/2023\/10\/CVAMathieu.pdf\" \/>\n<meta name=\"twitter:card\" content=\"summary_large_image\" \/>\n<meta name=\"twitter:label1\" content=\"Dur\u00e9e de lecture estim\u00e9e\" \/>\n\t<meta name=\"twitter:data1\" content=\"1 minute\" \/>\n<script type=\"application\/ld+json\" class=\"yoast-schema-graph\">{\"@context\":\"https:\/\/schema.org\",\"@graph\":[{\"@type\":\"WebPage\",\"@id\":\"https:\/\/a-mathieu.fr\/index.php\/about\/\",\"url\":\"https:\/\/a-mathieu.fr\/index.php\/about\/\",\"name\":\"ABOUT - ANNA\u00cbLLE MATHIEU\",\"isPartOf\":{\"@id\":\"https:\/\/a-mathieu.fr\/#website\"},\"datePublished\":\"2019-11-18T08:35:16+00:00\",\"dateModified\":\"2023-10-21T09:53:03+00:00\",\"breadcrumb\":{\"@id\":\"https:\/\/a-mathieu.fr\/index.php\/about\/#breadcrumb\"},\"inLanguage\":\"fr-FR\",\"potentialAction\":[{\"@type\":\"ReadAction\",\"target\":[\"https:\/\/a-mathieu.fr\/index.php\/about\/\"]}]},{\"@type\":\"BreadcrumbList\",\"@id\":\"https:\/\/a-mathieu.fr\/index.php\/about\/#breadcrumb\",\"itemListElement\":[{\"@type\":\"ListItem\",\"position\":1,\"name\":\"Accueil\",\"item\":\"https:\/\/a-mathieu.fr\/\"},{\"@type\":\"ListItem\",\"position\":2,\"name\":\"ABOUT\"}]},{\"@type\":\"WebSite\",\"@id\":\"https:\/\/a-mathieu.fr\/#website\",\"url\":\"https:\/\/a-mathieu.fr\/\",\"name\":\"a-mathieu.fr\",\"description\":\"\",\"publisher\":{\"@id\":\"https:\/\/a-mathieu.fr\/#organization\"},\"potentialAction\":[{\"@type\":\"SearchAction\",\"target\":{\"@type\":\"EntryPoint\",\"urlTemplate\":\"https:\/\/a-mathieu.fr\/?s={search_term_string}\"},\"query-input\":\"required name=search_term_string\"}],\"inLanguage\":\"fr-FR\"},{\"@type\":\"Organization\",\"@id\":\"https:\/\/a-mathieu.fr\/#organization\",\"name\":\"Anna\u00eblle MATHIEU\",\"url\":\"https:\/\/a-mathieu.fr\/\",\"logo\":{\"@type\":\"ImageObject\",\"inLanguage\":\"fr-FR\",\"@id\":\"https:\/\/a-mathieu.fr\/#\/schema\/logo\/image\/\",\"url\":\"https:\/\/a-mathieu.fr\/wp-content\/uploads\/2019\/12\/Logo-N--e1577372220938.jpg\",\"contentUrl\":\"https:\/\/a-mathieu.fr\/wp-content\/uploads\/2019\/12\/Logo-N--e1577372220938.jpg\",\"width\":546,\"height\":386,\"caption\":\"Anna\u00eblle MATHIEU\"},\"image\":{\"@id\":\"https:\/\/a-mathieu.fr\/#\/schema\/logo\/image\/\"},\"sameAs\":[\"https:\/\/www.instagram.com\/annaellemathieu\/\",\"https:\/\/www.linkedin.com\/in\/anna\u00eblle-mathieu-19b654194\"]}]}<\/script>\n<!-- \/ Yoast SEO plugin. -->","yoast_head_json":{"title":"ABOUT - ANNA\u00cbLLE MATHIEU","robots":{"index":"index","follow":"follow","max-snippet":"max-snippet:-1","max-image-preview":"max-image-preview:large","max-video-preview":"max-video-preview:-1"},"canonical":"https:\/\/a-mathieu.fr\/index.php\/about\/","og_locale":"fr_FR","og_type":"article","og_title":"ABOUT - ANNA\u00cbLLE MATHIEU","og_description":"ABOUT JE SUIS \u00c0 LA LISI\u00c8RE du monde r\u00e9el et num\u00e9rique. \u00a0 ENTRE PULSION ET retenue, je m\u2019adapte au paysage qui m\u2019enveloppe. \u00a0 \u00c9MOTION personnifi\u00e9e, devient mon partenaire de cr\u00e9ation.\u00a0Pur produit de la diagonale du vide j\u2019appre\u0301hende la complexit\u00e9 du monde avec po\u00e9sie. Artiste Designer diplo\u0302m\u00e9e du master Design et Cr\u00e9ation Num\u00e9rique de l\u2019\u00e9cole Estienne &hellip; Continue reading \"ABOUT\"","og_url":"https:\/\/a-mathieu.fr\/index.php\/about\/","og_site_name":"ANNA\u00cbLLE MATHIEU","article_modified_time":"2023-10-21T09:53:03+00:00","og_image":[{"url":"http:\/\/a-mathieu.fr\/wp-content\/uploads\/2023\/10\/CVAMathieu.pdf"}],"twitter_card":"summary_large_image","twitter_misc":{"Dur\u00e9e de lecture estim\u00e9e":"1 minute"},"schema":{"@context":"https:\/\/schema.org","@graph":[{"@type":"WebPage","@id":"https:\/\/a-mathieu.fr\/index.php\/about\/","url":"https:\/\/a-mathieu.fr\/index.php\/about\/","name":"ABOUT - ANNA\u00cbLLE MATHIEU","isPartOf":{"@id":"https:\/\/a-mathieu.fr\/#website"},"datePublished":"2019-11-18T08:35:16+00:00","dateModified":"2023-10-21T09:53:03+00:00","breadcrumb":{"@id":"https:\/\/a-mathieu.fr\/index.php\/about\/#breadcrumb"},"inLanguage":"fr-FR","potentialAction":[{"@type":"ReadAction","target":["https:\/\/a-mathieu.fr\/index.php\/about\/"]}]},{"@type":"BreadcrumbList","@id":"https:\/\/a-mathieu.fr\/index.php\/about\/#breadcrumb","itemListElement":[{"@type":"ListItem","position":1,"name":"Accueil","item":"https:\/\/a-mathieu.fr\/"},{"@type":"ListItem","position":2,"name":"ABOUT"}]},{"@type":"WebSite","@id":"https:\/\/a-mathieu.fr\/#website","url":"https:\/\/a-mathieu.fr\/","name":"a-mathieu.fr","description":"","publisher":{"@id":"https:\/\/a-mathieu.fr\/#organization"},"potentialAction":[{"@type":"SearchAction","target":{"@type":"EntryPoint","urlTemplate":"https:\/\/a-mathieu.fr\/?s={search_term_string}"},"query-input":"required name=search_term_string"}],"inLanguage":"fr-FR"},{"@type":"Organization","@id":"https:\/\/a-mathieu.fr\/#organization","name":"Anna\u00eblle MATHIEU","url":"https:\/\/a-mathieu.fr\/","logo":{"@type":"ImageObject","inLanguage":"fr-FR","@id":"https:\/\/a-mathieu.fr\/#\/schema\/logo\/image\/","url":"https:\/\/a-mathieu.fr\/wp-content\/uploads\/2019\/12\/Logo-N--e1577372220938.jpg","contentUrl":"https:\/\/a-mathieu.fr\/wp-content\/uploads\/2019\/12\/Logo-N--e1577372220938.jpg","width":546,"height":386,"caption":"Anna\u00eblle MATHIEU"},"image":{"@id":"https:\/\/a-mathieu.fr\/#\/schema\/logo\/image\/"},"sameAs":["https:\/\/www.instagram.com\/annaellemathieu\/","https:\/\/www.linkedin.com\/in\/anna\u00eblle-mathieu-19b654194"]}]}},"_links":{"self":[{"href":"https:\/\/a-mathieu.fr\/index.php\/wp-json\/wp\/v2\/pages\/2"}],"collection":[{"href":"https:\/\/a-mathieu.fr\/index.php\/wp-json\/wp\/v2\/pages"}],"about":[{"href":"https:\/\/a-mathieu.fr\/index.php\/wp-json\/wp\/v2\/types\/page"}],"author":[{"embeddable":true,"href":"https:\/\/a-mathieu.fr\/index.php\/wp-json\/wp\/v2\/users\/1"}],"replies":[{"embeddable":true,"href":"https:\/\/a-mathieu.fr\/index.php\/wp-json\/wp\/v2\/comments?post=2"}],"version-history":[{"count":210,"href":"https:\/\/a-mathieu.fr\/index.php\/wp-json\/wp\/v2\/pages\/2\/revisions"}],"predecessor-version":[{"id":2067,"href":"https:\/\/a-mathieu.fr\/index.php\/wp-json\/wp\/v2\/pages\/2\/revisions\/2067"}],"wp:attachment":[{"href":"https:\/\/a-mathieu.fr\/index.php\/wp-json\/wp\/v2\/media?parent=2"}],"curies":[{"name":"wp","href":"https:\/\/api.w.org\/{rel}","templated":true}]}}